{"id":11,"date":"2020-10-12T21:12:13","date_gmt":"2020-10-12T19:12:13","guid":{"rendered":"https:\/\/www.scorzamara.com\/it\/cart\/"},"modified":"2024-09-18T10:57:04","modified_gmt":"2024-09-18T08:57:04","slug":"cart","status":"publish","type":"page","link":"https:\/\/www.scorzamara.com\/shop\/cart\/","title":{"rendered":"Carrello"},"content":{"rendered":"\t\t<div data-elementor-type=\"wp-page\" data-elementor-id=\"11\" class=\"elementor elementor-11\" data-elementor-post-type=\"page\">\n\t\t\t\t<div class=\"elementor-element elementor-element-08fc657 e-con-full e-flex e-con e-parent\" data-id=\"08fc657\" data-element_type=\"container\">\n\t\t<div class=\"elementor-element elementor-element-faaaa1f e-con-full e-flex e-con e-child\" data-id=\"faaaa1f\" data-element_type=\"container\" data-settings=\"{&quot;background_background&quot;:&quot;classic&quot;}\">\n\t\t\t\t<div class=\"elementor-element elementor-element-8ea03ef elementor-widget elementor-widget-image\" data-id=\"8ea03ef\" data-element_type=\"widget\" data-widget_type=\"image.default\">\n\t\t\t\t<div class=\"elementor-widget-container\">\n\t\t\t\t\t\t\t\t\t\t\t\t\t\t\t<img fetchpriority=\"high\" decoding=\"async\" width=\"800\" height=\"491\" src=\"https:\/\/www.scorzamara.com\/shop\/wp-content\/uploads\/2020\/10\/mercato-online-scorzamara-agrumi-di-sicilia-1.png\" class=\"attachment-large size-large wp-image-1944\" alt=\"\" srcset=\"https:\/\/www.scorzamara.com\/shop\/wp-content\/uploads\/2020\/10\/mercato-online-scorzamara-agrumi-di-sicilia-1.png 940w, https:\/\/www.scorzamara.com\/shop\/wp-content\/uploads\/2020\/10\/mercato-online-scorzamara-agrumi-di-sicilia-1-600x368.png 600w, https:\/\/www.scorzamara.com\/shop\/wp-content\/uploads\/2020\/10\/mercato-online-scorzamara-agrumi-di-sicilia-1-300x184.png 300w, https:\/\/www.scorzamara.com\/shop\/wp-content\/uploads\/2020\/10\/mercato-online-scorzamara-agrumi-di-sicilia-1-768x471.png 768w, https:\/\/www.scorzamara.com\/shop\/wp-content\/uploads\/2020\/10\/mercato-online-scorzamara-agrumi-di-sicilia-1-500x307.png 500w, https:\/\/www.scorzamara.com\/shop\/wp-content\/uploads\/2020\/10\/mercato-online-scorzamara-agrumi-di-sicilia-1-800x491.png 800w, https:\/\/www.scorzamara.com\/shop\/wp-content\/uploads\/2020\/10\/mercato-online-scorzamara-agrumi-di-sicilia-1-150x92.png 150w\" sizes=\"(max-width: 800px) 100vw, 800px\" \/>\t\t\t\t\t\t\t\t\t\t\t\t\t\t\t<\/div>\n\t\t\t\t<\/div>\n\t\t\t\t<\/div>\n\t\t\t\t<\/div>\n\t\t<div class=\"elementor-element elementor-element-ea31de7 e-con-full e-flex e-con e-parent\" data-id=\"ea31de7\" data-element_type=\"container\">\n\t\t\t\t<div class=\"elementor-element elementor-element-654a925 elementor-widget elementor-widget-heading\" data-id=\"654a925\" data-element_type=\"widget\" data-widget_type=\"heading.default\">\n\t\t\t\t<div class=\"elementor-widget-container\">\n\t\t\t\t\t<h2 class=\"elementor-heading-title elementor-size-default\">Carrello<\/h2>\t\t\t\t<\/div>\n\t\t\t\t<\/div>\n\t\t\t\t<\/div>\n\t\t<div class=\"elementor-element elementor-element-484a169 e-con-full e-flex e-con e-parent\" data-id=\"484a169\" data-element_type=\"container\">\n\t\t<div class=\"elementor-element elementor-element-327b7a4 e-con-full e-flex e-con e-child\" data-id=\"327b7a4\" data-element_type=\"container\">\n\t\t\t\t<div class=\"elementor-element elementor-element-a0a9cbb elementor-widget elementor-widget-image\" data-id=\"a0a9cbb\" data-element_type=\"widget\" data-widget_type=\"image.default\">\n\t\t\t\t<div class=\"elementor-widget-container\">\n\t\t\t\t\t\t\t\t\t\t\t\t\t\t\t<img decoding=\"async\" src=\"https:\/\/www.scorzamara.com\/shop\/wp-content\/uploads\/2020\/10\/separatore.svg\" title=\"separatore\" alt=\"separatore\" loading=\"lazy\" \/>\t\t\t\t\t\t\t\t\t\t\t\t\t\t\t<\/div>\n\t\t\t\t<\/div>\n\t\t<div class=\"elementor-element elementor-element-fe17fcd e-con-full e-flex e-con e-child\" data-id=\"fe17fcd\" data-element_type=\"container\">\n\t\t<div class=\"elementor-element elementor-element-1e73fa8 e-con-full e-flex e-con e-child\" data-id=\"1e73fa8\" data-element_type=\"container\">\n\t\t\t\t<div class=\"elementor-element elementor-element-bcceb4b elementor-widget elementor-widget-image\" data-id=\"bcceb4b\" data-element_type=\"widget\" data-widget_type=\"image.default\">\n\t\t\t\t<div class=\"elementor-widget-container\">\n\t\t\t\t\t\t\t\t\t\t\t\t\t\t\t<img decoding=\"async\" width=\"536\" height=\"320\" src=\"https:\/\/www.scorzamara.com\/shop\/wp-content\/uploads\/2020\/10\/orange-type-02.png\" class=\"attachment-large size-large wp-image-1565\" alt=\"\" srcset=\"https:\/\/www.scorzamara.com\/shop\/wp-content\/uploads\/2020\/10\/orange-type-02.png 536w, https:\/\/www.scorzamara.com\/shop\/wp-content\/uploads\/2020\/10\/orange-type-02-300x179.png 300w, https:\/\/www.scorzamara.com\/shop\/wp-content\/uploads\/2020\/10\/orange-type-02-500x299.png 500w, https:\/\/www.scorzamara.com\/shop\/wp-content\/uploads\/2020\/10\/orange-type-02-150x90.png 150w\" sizes=\"(max-width: 536px) 100vw, 536px\" \/>\t\t\t\t\t\t\t\t\t\t\t\t\t\t\t<\/div>\n\t\t\t\t<\/div>\n\t\t\t\t<\/div>\n\t\t<div class=\"elementor-element elementor-element-4f7d3bd e-con-full e-flex e-con e-child\" data-id=\"4f7d3bd\" data-element_type=\"container\">\n\t\t\t\t<div class=\"elementor-element elementor-element-27411da elementor-widget elementor-widget-heading\" data-id=\"27411da\" data-element_type=\"widget\" data-widget_type=\"heading.default\">\n\t\t\t\t<div class=\"elementor-widget-container\">\n\t\t\t\t\t<h2 class=\"elementor-heading-title elementor-size-default\">Vuoi partecipare ad un gruppo d\u2019acquisto insieme ai tuoi amici o ai tuoi condomini?<\/h2>\t\t\t\t<\/div>\n\t\t\t\t<\/div>\n\t\t\t\t<div class=\"elementor-element elementor-element-fe12672 elementor-widget elementor-widget-text-editor\" data-id=\"fe12672\" data-element_type=\"widget\" data-widget_type=\"text-editor.default\">\n\t\t\t\t<div class=\"elementor-widget-container\">\n\t\t\t\t\t\t\t\t\t<p>Per ordini superiori ai 27kg, ricevi il tuo preventivo personalizzato e risparmia!<\/p><p>Scrivici la tua richiesta a <strong><a href=\"mailto:info@scorzamara.com\">info@scorzamara.com<\/a><\/strong><\/p>\t\t\t\t\t\t\t\t<\/div>\n\t\t\t\t<\/div>\n\t\t\t\t<\/div>\n\t\t\t\t<\/div>\n\t\t\t\t<\/div>\n\t\t\t\t<\/div>\n\t\t\t\t<\/div>\n\t\t","protected":false},"excerpt":{"rendered":"<p>Carrello Rimuovi articolo Miniatura immagine Prodotto Prezzo Quantit\u00e0 Subtotale &times; Arancia Moro Variet\u00e0 d&#8217;arancia: Da tavola Box: 1 BOX &#8211; 4,5kg &euro;16,90 Arancia Moro quantit\u00e0 &euro;16,90 Applica Codice Totale Carrello Subtotale &euro;16,90 Spedizione Spedizione gratuita Spedizione a Contrada Porrazzito, 96010, MELILLI, SIRACUSA. Totale &euro;16,90 Procedi con l&#039;ordine Vuoi partecipare ad un gruppo d\u2019acquisto insieme ai [&hellip;]<\/p>\n","protected":false},"author":2,"featured_media":0,"parent":0,"menu_order":0,"comment_status":"closed","ping_status":"closed","template":"","meta":{"_acf_changed":false,"footnotes":""},"class_list":["post-11","page","type-page","status-publish","hentry"],"acf":[],"yoast_head":"<!-- This site is optimized with the Yoast SEO plugin v27.4 - https:\/\/yoast.com\/product\/yoast-seo-wordpress\/ -->\n<title>Carrello &#8902; Scorzamara<\/title>\n<meta name=\"description\" content=\"Apriti al gusto e al benessere: Scorzamara consegna a casa tua tutto il profumo e la freschezza delle arance rosse di Sicilia.\" \/>\n<meta name=\"robots\" content=\"index, follow, max-snippet:-1, max-image-preview:large, max-video-preview:-1\" \/>\n<link rel=\"canonical\" href=\"https:\/\/www.scorzamara.com\/shop\/cart\/\" \/>\n<meta property=\"og:locale\" content=\"it_IT\" \/>\n<meta property=\"og:type\" content=\"article\" \/>\n<meta property=\"og:title\" content=\"Carrello &#8902; Scorzamara\" \/>\n<meta property=\"og:description\" content=\"Apriti al gusto e al benessere: Scorzamara consegna a casa tua tutto il profumo e la freschezza delle arance rosse di Sicilia.\" \/>\n<meta property=\"og:url\" content=\"https:\/\/www.scorzamara.com\/shop\/cart\/\" \/>\n<meta property=\"og:site_name\" content=\"Scorzamara\" \/>\n<meta property=\"article:publisher\" content=\"https:\/\/www.facebook.com\/scorzamara\" \/>\n<meta property=\"article:modified_time\" content=\"2024-09-18T08:57:04+00:00\" \/>\n<meta property=\"og:image\" content=\"https:\/\/marcomirabito.it\/scorzamara\/wp-content\/uploads\/2020\/10\/mercato-online-scorzamara-agrumi-di-sicilia-1.png\" \/>\n<meta name=\"twitter:card\" content=\"summary_large_image\" \/>\n<meta name=\"twitter:label1\" content=\"Tempo di lettura stimato\" \/>\n\t<meta name=\"twitter:data1\" content=\"2 minuti\" \/>\n<script type=\"application\/ld+json\" class=\"yoast-schema-graph\">{\"@context\":\"https:\\\/\\\/schema.org\",\"@graph\":[{\"@type\":\"WebPage\",\"@id\":\"https:\\\/\\\/www.scorzamara.com\\\/shop\\\/cart\\\/\",\"url\":\"https:\\\/\\\/www.scorzamara.com\\\/shop\\\/cart\\\/\",\"name\":\"Carrello &#8902; Scorzamara\",\"isPartOf\":{\"@id\":\"https:\\\/\\\/www.scorzamara.com\\\/shop\\\/#website\"},\"primaryImageOfPage\":{\"@id\":\"https:\\\/\\\/www.scorzamara.com\\\/shop\\\/cart\\\/#primaryimage\"},\"image\":{\"@id\":\"https:\\\/\\\/www.scorzamara.com\\\/shop\\\/cart\\\/#primaryimage\"},\"thumbnailUrl\":\"https:\\\/\\\/marcomirabito.it\\\/scorzamara\\\/wp-content\\\/uploads\\\/2020\\\/10\\\/mercato-online-scorzamara-agrumi-di-sicilia-1.png\",\"datePublished\":\"2020-10-12T19:12:13+00:00\",\"dateModified\":\"2024-09-18T08:57:04+00:00\",\"description\":\"Apriti al gusto e al benessere: Scorzamara consegna a casa tua tutto il profumo e la freschezza delle arance rosse di Sicilia.\",\"breadcrumb\":{\"@id\":\"https:\\\/\\\/www.scorzamara.com\\\/shop\\\/cart\\\/#breadcrumb\"},\"inLanguage\":\"it-IT\",\"potentialAction\":[{\"@type\":\"ReadAction\",\"target\":[\"https:\\\/\\\/www.scorzamara.com\\\/shop\\\/cart\\\/\"]}]},{\"@type\":\"ImageObject\",\"inLanguage\":\"it-IT\",\"@id\":\"https:\\\/\\\/www.scorzamara.com\\\/shop\\\/cart\\\/#primaryimage\",\"url\":\"https:\\\/\\\/marcomirabito.it\\\/scorzamara\\\/wp-content\\\/uploads\\\/2020\\\/10\\\/mercato-online-scorzamara-agrumi-di-sicilia-1.png\",\"contentUrl\":\"https:\\\/\\\/marcomirabito.it\\\/scorzamara\\\/wp-content\\\/uploads\\\/2020\\\/10\\\/mercato-online-scorzamara-agrumi-di-sicilia-1.png\"},{\"@type\":\"BreadcrumbList\",\"@id\":\"https:\\\/\\\/www.scorzamara.com\\\/shop\\\/cart\\\/#breadcrumb\",\"itemListElement\":[{\"@type\":\"ListItem\",\"position\":1,\"name\":\"Home\",\"item\":\"https:\\\/\\\/www.scorzamara.com\\\/shop\\\/\"},{\"@type\":\"ListItem\",\"position\":2,\"name\":\"Carrello\"}]},{\"@type\":\"WebSite\",\"@id\":\"https:\\\/\\\/www.scorzamara.com\\\/shop\\\/#website\",\"url\":\"https:\\\/\\\/www.scorzamara.com\\\/shop\\\/\",\"name\":\"Scorzamara\",\"description\":\"Azienda Agricola Aranzulla\",\"publisher\":{\"@id\":\"https:\\\/\\\/www.scorzamara.com\\\/shop\\\/#organization\"},\"potentialAction\":[{\"@type\":\"SearchAction\",\"target\":{\"@type\":\"EntryPoint\",\"urlTemplate\":\"https:\\\/\\\/www.scorzamara.com\\\/shop\\\/?s={search_term_string}\"},\"query-input\":{\"@type\":\"PropertyValueSpecification\",\"valueRequired\":true,\"valueName\":\"search_term_string\"}}],\"inLanguage\":\"it-IT\"},{\"@type\":\"Organization\",\"@id\":\"https:\\\/\\\/www.scorzamara.com\\\/shop\\\/#organization\",\"name\":\"Scorzamara - Arance Online\",\"url\":\"https:\\\/\\\/www.scorzamara.com\\\/shop\\\/\",\"logo\":{\"@type\":\"ImageObject\",\"inLanguage\":\"it-IT\",\"@id\":\"https:\\\/\\\/www.scorzamara.com\\\/shop\\\/#\\\/schema\\\/logo\\\/image\\\/\",\"url\":\"https:\\\/\\\/www.scorzamara.com\\\/it\\\/wp-content\\\/uploads\\\/2020\\\/10\\\/header-logo.svg\",\"contentUrl\":\"https:\\\/\\\/www.scorzamara.com\\\/it\\\/wp-content\\\/uploads\\\/2020\\\/10\\\/header-logo.svg\",\"width\":\"1024\",\"height\":\"1024\",\"caption\":\"Scorzamara - Arance Online\"},\"image\":{\"@id\":\"https:\\\/\\\/www.scorzamara.com\\\/shop\\\/#\\\/schema\\\/logo\\\/image\\\/\"},\"sameAs\":[\"https:\\\/\\\/www.facebook.com\\\/scorzamara\",\"https:\\\/\\\/www.instagram.com\\\/scorzamara\\\/\"]}]}<\/script>\n<!-- \/ Yoast SEO plugin. -->","yoast_head_json":{"title":"Carrello &#8902; Scorzamara","description":"Apriti al gusto e al benessere: Scorzamara consegna a casa tua tutto il profumo e la freschezza delle arance rosse di Sicilia.","robots":{"index":"index","follow":"follow","max-snippet":"max-snippet:-1","max-image-preview":"max-image-preview:large","max-video-preview":"max-video-preview:-1"},"canonical":"https:\/\/www.scorzamara.com\/shop\/cart\/","og_locale":"it_IT","og_type":"article","og_title":"Carrello &#8902; Scorzamara","og_description":"Apriti al gusto e al benessere: Scorzamara consegna a casa tua tutto il profumo e la freschezza delle arance rosse di Sicilia.","og_url":"https:\/\/www.scorzamara.com\/shop\/cart\/","og_site_name":"Scorzamara","article_publisher":"https:\/\/www.facebook.com\/scorzamara","article_modified_time":"2024-09-18T08:57:04+00:00","og_image":[{"url":"https:\/\/marcomirabito.it\/scorzamara\/wp-content\/uploads\/2020\/10\/mercato-online-scorzamara-agrumi-di-sicilia-1.png","type":"","width":"","height":""}],"twitter_card":"summary_large_image","twitter_misc":{"Tempo di lettura stimato":"2 minuti"},"schema":{"@context":"https:\/\/schema.org","@graph":[{"@type":"WebPage","@id":"https:\/\/www.scorzamara.com\/shop\/cart\/","url":"https:\/\/www.scorzamara.com\/shop\/cart\/","name":"Carrello &#8902; Scorzamara","isPartOf":{"@id":"https:\/\/www.scorzamara.com\/shop\/#website"},"primaryImageOfPage":{"@id":"https:\/\/www.scorzamara.com\/shop\/cart\/#primaryimage"},"image":{"@id":"https:\/\/www.scorzamara.com\/shop\/cart\/#primaryimage"},"thumbnailUrl":"https:\/\/marcomirabito.it\/scorzamara\/wp-content\/uploads\/2020\/10\/mercato-online-scorzamara-agrumi-di-sicilia-1.png","datePublished":"2020-10-12T19:12:13+00:00","dateModified":"2024-09-18T08:57:04+00:00","description":"Apriti al gusto e al benessere: Scorzamara consegna a casa tua tutto il profumo e la freschezza delle arance rosse di Sicilia.","breadcrumb":{"@id":"https:\/\/www.scorzamara.com\/shop\/cart\/#breadcrumb"},"inLanguage":"it-IT","potentialAction":[{"@type":"ReadAction","target":["https:\/\/www.scorzamara.com\/shop\/cart\/"]}]},{"@type":"ImageObject","inLanguage":"it-IT","@id":"https:\/\/www.scorzamara.com\/shop\/cart\/#primaryimage","url":"https:\/\/marcomirabito.it\/scorzamara\/wp-content\/uploads\/2020\/10\/mercato-online-scorzamara-agrumi-di-sicilia-1.png","contentUrl":"https:\/\/marcomirabito.it\/scorzamara\/wp-content\/uploads\/2020\/10\/mercato-online-scorzamara-agrumi-di-sicilia-1.png"},{"@type":"BreadcrumbList","@id":"https:\/\/www.scorzamara.com\/shop\/cart\/#breadcrumb","itemListElement":[{"@type":"ListItem","position":1,"name":"Home","item":"https:\/\/www.scorzamara.com\/shop\/"},{"@type":"ListItem","position":2,"name":"Carrello"}]},{"@type":"WebSite","@id":"https:\/\/www.scorzamara.com\/shop\/#website","url":"https:\/\/www.scorzamara.com\/shop\/","name":"Scorzamara","description":"Azienda Agricola Aranzulla","publisher":{"@id":"https:\/\/www.scorzamara.com\/shop\/#organization"},"potentialAction":[{"@type":"SearchAction","target":{"@type":"EntryPoint","urlTemplate":"https:\/\/www.scorzamara.com\/shop\/?s={search_term_string}"},"query-input":{"@type":"PropertyValueSpecification","valueRequired":true,"valueName":"search_term_string"}}],"inLanguage":"it-IT"},{"@type":"Organization","@id":"https:\/\/www.scorzamara.com\/shop\/#organization","name":"Scorzamara - Arance Online","url":"https:\/\/www.scorzamara.com\/shop\/","logo":{"@type":"ImageObject","inLanguage":"it-IT","@id":"https:\/\/www.scorzamara.com\/shop\/#\/schema\/logo\/image\/","url":"https:\/\/www.scorzamara.com\/it\/wp-content\/uploads\/2020\/10\/header-logo.svg","contentUrl":"https:\/\/www.scorzamara.com\/it\/wp-content\/uploads\/2020\/10\/header-logo.svg","width":"1024","height":"1024","caption":"Scorzamara - Arance Online"},"image":{"@id":"https:\/\/www.scorzamara.com\/shop\/#\/schema\/logo\/image\/"},"sameAs":["https:\/\/www.facebook.com\/scorzamara","https:\/\/www.instagram.com\/scorzamara\/"]}]}},"_links":{"self":[{"href":"https:\/\/www.scorzamara.com\/shop\/wp-json\/wp\/v2\/pages\/11","targetHints":{"allow":["GET"]}}],"collection":[{"href":"https:\/\/www.scorzamara.com\/shop\/wp-json\/wp\/v2\/pages"}],"about":[{"href":"https:\/\/www.scorzamara.com\/shop\/wp-json\/wp\/v2\/types\/page"}],"author":[{"embeddable":true,"href":"https:\/\/www.scorzamara.com\/shop\/wp-json\/wp\/v2\/users\/2"}],"replies":[{"embeddable":true,"href":"https:\/\/www.scorzamara.com\/shop\/wp-json\/wp\/v2\/comments?post=11"}],"version-history":[{"count":15,"href":"https:\/\/www.scorzamara.com\/shop\/wp-json\/wp\/v2\/pages\/11\/revisions"}],"predecessor-version":[{"id":5119,"href":"https:\/\/www.scorzamara.com\/shop\/wp-json\/wp\/v2\/pages\/11\/revisions\/5119"}],"wp:attachment":[{"href":"https:\/\/www.scorzamara.com\/shop\/wp-json\/wp\/v2\/media?parent=11"}],"curies":[{"name":"wp","href":"https:\/\/api.w.org\/{rel}","templated":true}]}}