{"id":2968,"date":"2020-12-11T18:17:58","date_gmt":"2020-12-11T17:17:58","guid":{"rendered":"https:\/\/www.scorzamara.com\/?page_id=2968"},"modified":"2024-09-16T14:52:03","modified_gmt":"2024-09-16T12:52:03","slug":"citrus-journal-blog","status":"publish","type":"page","link":"https:\/\/www.scorzamara.com\/shop\/citrus-journal-blog\/","title":{"rendered":"Citrus Journal Blog"},"content":{"rendered":"\t\t<div data-elementor-type=\"wp-page\" data-elementor-id=\"2968\" class=\"elementor elementor-2968\" data-elementor-post-type=\"page\">\n\t\t\t\t<div class=\"elementor-element elementor-element-81e29fc e-con-full e-flex e-con e-parent\" data-id=\"81e29fc\" data-element_type=\"container\">\n\t\t<div class=\"elementor-element elementor-element-7ac0698 e-con-full e-flex e-con e-child\" data-id=\"7ac0698\" data-element_type=\"container\" data-settings=\"{&quot;background_background&quot;:&quot;classic&quot;}\">\n\t\t\t\t<div class=\"elementor-element elementor-element-7f4acb0 elementor-widget elementor-widget-image\" data-id=\"7f4acb0\" data-element_type=\"widget\" data-widget_type=\"image.default\">\n\t\t\t\t<div class=\"elementor-widget-container\">\n\t\t\t\t\t\t\t\t\t\t\t\t\t\t\t<img fetchpriority=\"high\" decoding=\"async\" width=\"374\" height=\"489\" src=\"https:\/\/www.scorzamara.com\/shop\/wp-content\/uploads\/2020\/11\/azienda-01.png\" class=\"attachment-large size-large wp-image-2118\" alt=\"\" srcset=\"https:\/\/www.scorzamara.com\/shop\/wp-content\/uploads\/2020\/11\/azienda-01.png 374w, https:\/\/www.scorzamara.com\/shop\/wp-content\/uploads\/2020\/11\/azienda-01-229x300.png 229w, https:\/\/www.scorzamara.com\/shop\/wp-content\/uploads\/2020\/11\/azienda-01-115x150.png 115w\" sizes=\"(max-width: 374px) 100vw, 374px\" \/>\t\t\t\t\t\t\t\t\t\t\t\t\t\t\t<\/div>\n\t\t\t\t<\/div>\n\t\t\t\t<\/div>\n\t\t\t\t<\/div>\n\t\t<div class=\"elementor-element elementor-element-6760655 e-con-full e-flex e-con e-parent\" data-id=\"6760655\" data-element_type=\"container\">\n\t\t<div class=\"elementor-element elementor-element-a610ece e-con-full e-flex e-con e-child\" data-id=\"a610ece\" data-element_type=\"container\">\n\t\t\t\t<div class=\"elementor-element elementor-element-1068d7a elementor-widget elementor-widget-heading\" data-id=\"1068d7a\" data-element_type=\"widget\" data-widget_type=\"heading.default\">\n\t\t\t\t<div class=\"elementor-widget-container\">\n\t\t\t\t\t<h1 class=\"elementor-heading-title elementor-size-default\">Citrus Journal<\/h1>\t\t\t\t<\/div>\n\t\t\t\t<\/div>\n\t\t<div class=\"elementor-element elementor-element-c42607e e-con-full e-flex e-con e-child\" data-id=\"c42607e\" data-element_type=\"container\">\n\t\t<div class=\"elementor-element elementor-element-93fcbeb e-con-full e-flex e-con e-child\" data-id=\"93fcbeb\" data-element_type=\"container\">\n\t\t\t\t<div class=\"elementor-element elementor-element-26f22ee elementor-widget elementor-widget-text-editor\" data-id=\"26f22ee\" data-element_type=\"widget\" data-widget_type=\"text-editor.default\">\n\t\t\t\t<div class=\"elementor-widget-container\">\n\t\t\t\t\t\t\t\t\t<p>Avremmo potuto scegliere di mettere in piedi un e-commerce di agrumi come tanti altri. In fondo, la Sicilia \u00e8 ricca di aranceti.<br \/>Per\u00f2 volevamo raccontare la nostra storia, la nostra idea di commercio, la nostra etica, che ci impone di privilegiare la qualit\u00e0 alla quantit\u00e0.<\/p><p>La Sicilia \u00e8 da sempre un\u2019isola ad alta vocazione agrumicola, una terra benedetta dalla presenza del vulcano che incide sul DNA delle cose.<br \/>Grazie alle peculiari sostanze minerali che rilascia il terreno \u2013 gli antociani \u2013 le arance rosse assumono quel colore particolarmente acceso ed inconfondibile che le rende uniche al mondo.<\/p>\t\t\t\t\t\t\t\t<\/div>\n\t\t\t\t<\/div>\n\t\t\t\t<\/div>\n\t\t<div class=\"elementor-element elementor-element-857ca46 e-con-full e-flex e-con e-child\" data-id=\"857ca46\" data-element_type=\"container\">\n\t\t\t\t<div class=\"elementor-element elementor-element-a3a2040 elementor-widget elementor-widget-text-editor\" data-id=\"a3a2040\" data-element_type=\"widget\" data-widget_type=\"text-editor.default\">\n\t\t\t\t<div class=\"elementor-widget-container\">\n\t\t\t\t\t\t\t\t\t<p>Per conservare il gusto autentico e la bont\u00e0 dei frutti dei nostri nonni e dei nonni dei nostri nonni, abbiamo scelto di coltivare agrumi veramente bio, concimati con fertilizzanti autorizzati da agricoltura biologica. Per questo, le arance rosse Scorzamara sono tutte diverse l\u2019una dall\u2019altra: esteticamente imperfette eppure estremamente profumate e buone.<\/p><p>E proprio come si faceva un tempo quando, una volta raccolte, le arance si portavano al mercato per essere vendute ed acquistate, noi esponiamo le nostre arance rosse nel nostro mercato online cos\u00ec che tutti gli italiani possano avere il piacere di gustare arance fresche, a km 0.<\/p>\t\t\t\t\t\t\t\t<\/div>\n\t\t\t\t<\/div>\n\t\t\t\t<\/div>\n\t\t\t\t<\/div>\n\t\t\t\t<div class=\"elementor-element elementor-element-bb99a7e elementor-widget elementor-widget-text-editor\" data-id=\"bb99a7e\" data-element_type=\"widget\" data-widget_type=\"text-editor.default\">\n\t\t\t\t<div class=\"elementor-widget-container\">\n\t\t\t\t\t\t\t\t\t<p>Vuoi conoscere la storia della nostra famiglia?<br \/><a href=\"https:\/\/www.scorzamara.com\/shop\/azienda-agricola-aranzulla\/\">Leggi qui.<\/a><br \/>Se invece ti abbiamo fatto venire l\u2019acquolina in bocca, fai un giro al mercato!<br \/>Non vediamo l\u2019ora di sapere che ne pensi.<\/p>\t\t\t\t\t\t\t\t<\/div>\n\t\t\t\t<\/div>\n\t\t\t\t<\/div>\n\t\t\t\t<\/div>\n\t\t<div class=\"elementor-element elementor-element-610a8eb e-con-full e-flex e-con e-parent\" data-id=\"610a8eb\" data-element_type=\"container\">\n\t\t\t\t<div class=\"elementor-element elementor-element-6ded32b elementor-grid-2 elementor-posts--align-center elementor-grid-tablet-2 elementor-grid-mobile-1 elementor-posts--thumbnail-top elementor-widget elementor-widget-posts\" data-id=\"6ded32b\" data-element_type=\"widget\" data-settings=\"{&quot;classic_columns&quot;:&quot;2&quot;,&quot;classic_columns_tablet&quot;:&quot;2&quot;,&quot;classic_columns_mobile&quot;:&quot;1&quot;,&quot;classic_row_gap&quot;:{&quot;unit&quot;:&quot;px&quot;,&quot;size&quot;:35,&quot;sizes&quot;:[]},&quot;classic_row_gap_tablet&quot;:{&quot;unit&quot;:&quot;px&quot;,&quot;size&quot;:&quot;&quot;,&quot;sizes&quot;:[]},&quot;classic_row_gap_mobile&quot;:{&quot;unit&quot;:&quot;px&quot;,&quot;size&quot;:&quot;&quot;,&quot;sizes&quot;:[]}}\" data-widget_type=\"posts.classic\">\n\t\t\t\t<div class=\"elementor-widget-container\">\n\t\t\t\t\t\t\t<div class=\"elementor-posts-container elementor-posts elementor-posts--skin-classic elementor-grid\" role=\"list\">\n\t\t\t\t<article class=\"elementor-post elementor-grid-item post-2994 post type-post status-publish format-standard has-post-thumbnail hentry category-citrus\" role=\"listitem\">\n\t\t\t\t<a class=\"elementor-post__thumbnail__link\" href=\"https:\/\/www.scorzamara.com\/shop\/le-caratteristiche-dei-frutti-dell-arancia-rossa-di-sicilia\/\" tabindex=\"-1\" >\n\t\t\t<div class=\"elementor-post__thumbnail\"><img decoding=\"async\" width=\"2560\" height=\"1707\" src=\"https:\/\/www.scorzamara.com\/shop\/wp-content\/uploads\/2020\/10\/tarocco-1-scaled.jpg\" class=\"attachment-full size-full wp-image-1857\" alt=\"Arancia Tarocco di Sicilia (IGP)\" srcset=\"https:\/\/www.scorzamara.com\/shop\/wp-content\/uploads\/2020\/10\/tarocco-1-scaled.jpg 2560w, https:\/\/www.scorzamara.com\/shop\/wp-content\/uploads\/2020\/10\/tarocco-1-600x400.jpg 600w, https:\/\/www.scorzamara.com\/shop\/wp-content\/uploads\/2020\/10\/tarocco-1-300x200.jpg 300w, https:\/\/www.scorzamara.com\/shop\/wp-content\/uploads\/2020\/10\/tarocco-1-1024x683.jpg 1024w, https:\/\/www.scorzamara.com\/shop\/wp-content\/uploads\/2020\/10\/tarocco-1-768x512.jpg 768w, https:\/\/www.scorzamara.com\/shop\/wp-content\/uploads\/2020\/10\/tarocco-1-500x333.jpg 500w, https:\/\/www.scorzamara.com\/shop\/wp-content\/uploads\/2020\/10\/tarocco-1-800x533.jpg 800w, https:\/\/www.scorzamara.com\/shop\/wp-content\/uploads\/2020\/10\/tarocco-1-1280x853.jpg 1280w, https:\/\/www.scorzamara.com\/shop\/wp-content\/uploads\/2020\/10\/tarocco-1-1920x1280.jpg 1920w, https:\/\/www.scorzamara.com\/shop\/wp-content\/uploads\/2020\/10\/tarocco-1-1536x1024.jpg 1536w, https:\/\/www.scorzamara.com\/shop\/wp-content\/uploads\/2020\/10\/tarocco-1-2048x1365.jpg 2048w, https:\/\/www.scorzamara.com\/shop\/wp-content\/uploads\/2020\/10\/tarocco-1-1170x780.jpg 1170w, https:\/\/www.scorzamara.com\/shop\/wp-content\/uploads\/2020\/10\/tarocco-1-150x100.jpg 150w\" sizes=\"(max-width: 2560px) 100vw, 2560px\" \/><\/div>\n\t\t<\/a>\n\t\t\t\t<div class=\"elementor-post__text\">\n\t\t\t\t<h3 class=\"elementor-post__title\">\n\t\t\t<a href=\"https:\/\/www.scorzamara.com\/shop\/le-caratteristiche-dei-frutti-dell-arancia-rossa-di-sicilia\/\" >\n\t\t\t\tLe caratteristiche dei frutti dell&#8217; &#8220;Arancia rossa di Sicilia&#8221;\t\t\t<\/a>\n\t\t<\/h3>\n\t\t\t\t<div class=\"elementor-post__excerpt\">\n\t\t\t<p>&nbsp; I frutti di &#8220;Arancia rossa di Sicilia&#8221; all&#8217;atto dell&#8217;immissione al consumo devono rispondere a caratteristiche specifiche tipiche della variet\u00e0<\/p>\n\t\t<\/div>\n\t\t\t\t<\/div>\n\t\t\t\t<\/article>\n\t\t\t\t<article class=\"elementor-post elementor-grid-item post-316 post type-post status-publish format-standard has-post-thumbnail hentry category-citrus\" role=\"listitem\">\n\t\t\t\t<a class=\"elementor-post__thumbnail__link\" href=\"https:\/\/www.scorzamara.com\/shop\/arancia-rossa-sicilia-igp\/\" tabindex=\"-1\" >\n\t\t\t<div class=\"elementor-post__thumbnail\"><img decoding=\"async\" width=\"2560\" height=\"1440\" src=\"https:\/\/www.scorzamara.com\/shop\/wp-content\/uploads\/2020\/10\/61383033-0EC8-418D-84C9-AA3A9C863FF1-scaled.jpg\" class=\"attachment-full size-full wp-image-1600\" alt=\"Arancia rossa di Sicilia (IGP)\" srcset=\"https:\/\/www.scorzamara.com\/shop\/wp-content\/uploads\/2020\/10\/61383033-0EC8-418D-84C9-AA3A9C863FF1-scaled.jpg 2560w, https:\/\/www.scorzamara.com\/shop\/wp-content\/uploads\/2020\/10\/61383033-0EC8-418D-84C9-AA3A9C863FF1-600x338.jpg 600w, https:\/\/www.scorzamara.com\/shop\/wp-content\/uploads\/2020\/10\/61383033-0EC8-418D-84C9-AA3A9C863FF1-300x169.jpg 300w, https:\/\/www.scorzamara.com\/shop\/wp-content\/uploads\/2020\/10\/61383033-0EC8-418D-84C9-AA3A9C863FF1-1024x576.jpg 1024w, https:\/\/www.scorzamara.com\/shop\/wp-content\/uploads\/2020\/10\/61383033-0EC8-418D-84C9-AA3A9C863FF1-768x432.jpg 768w, https:\/\/www.scorzamara.com\/shop\/wp-content\/uploads\/2020\/10\/61383033-0EC8-418D-84C9-AA3A9C863FF1-500x281.jpg 500w, https:\/\/www.scorzamara.com\/shop\/wp-content\/uploads\/2020\/10\/61383033-0EC8-418D-84C9-AA3A9C863FF1-800x450.jpg 800w, https:\/\/www.scorzamara.com\/shop\/wp-content\/uploads\/2020\/10\/61383033-0EC8-418D-84C9-AA3A9C863FF1-1280x720.jpg 1280w, https:\/\/www.scorzamara.com\/shop\/wp-content\/uploads\/2020\/10\/61383033-0EC8-418D-84C9-AA3A9C863FF1-1920x1080.jpg 1920w, https:\/\/www.scorzamara.com\/shop\/wp-content\/uploads\/2020\/10\/61383033-0EC8-418D-84C9-AA3A9C863FF1-150x84.jpg 150w, https:\/\/www.scorzamara.com\/shop\/wp-content\/uploads\/2020\/10\/61383033-0EC8-418D-84C9-AA3A9C863FF1-1536x864.jpg 1536w, https:\/\/www.scorzamara.com\/shop\/wp-content\/uploads\/2020\/10\/61383033-0EC8-418D-84C9-AA3A9C863FF1-2048x1152.jpg 2048w, https:\/\/www.scorzamara.com\/shop\/wp-content\/uploads\/2020\/10\/61383033-0EC8-418D-84C9-AA3A9C863FF1-1170x658.jpg 1170w\" sizes=\"(max-width: 2560px) 100vw, 2560px\" \/><\/div>\n\t\t<\/a>\n\t\t\t\t<div class=\"elementor-post__text\">\n\t\t\t\t<h3 class=\"elementor-post__title\">\n\t\t\t<a href=\"https:\/\/www.scorzamara.com\/shop\/arancia-rossa-sicilia-igp\/\" >\n\t\t\t\tArancia rossa di Sicilia (IGP)\t\t\t<\/a>\n\t\t<\/h3>\n\t\t\t\t<div class=\"elementor-post__excerpt\">\n\t\t\t<p>&nbsp; La definizione Arancia rossa di Sicilia (IGP) \u00e8 usata per individuare alcune variet\u00e0 di arance a Indicazione geografica protetta<\/p>\n\t\t<\/div>\n\t\t\t\t<\/div>\n\t\t\t\t<\/article>\n\t\t\t\t<\/div>\n\t\t\n\t\t\t\t\t\t<\/div>\n\t\t\t\t<\/div>\n\t\t\t\t<\/div>\n\t\t\t\t<\/div>\n\t\t","protected":false},"excerpt":{"rendered":"<p>Citrus Journal Avremmo potuto scegliere di mettere in piedi un e-commerce di agrumi come tanti altri. In fondo, la Sicilia \u00e8 ricca di aranceti.Per\u00f2 volevamo raccontare la nostra storia, la nostra idea di commercio, la nostra etica, che ci impone di privilegiare la qualit\u00e0 alla quantit\u00e0. La Sicilia \u00e8 da sempre un\u2019isola ad alta vocazione [&hellip;]<\/p>\n","protected":false},"author":2,"featured_media":1725,"parent":0,"menu_order":0,"comment_status":"closed","ping_status":"closed","template":"","meta":{"_acf_changed":false,"footnotes":""},"class_list":["post-2968","page","type-page","status-publish","has-post-thumbnail","hentry"],"acf":[],"yoast_head":"<!-- This site is optimized with the Yoast SEO plugin v27.4 - https:\/\/yoast.com\/product\/yoast-seo-wordpress\/ -->\n<title>Citrus Journal Blog &#8902; Scorzamara<\/title>\n<meta name=\"description\" content=\"Apriti al gusto e al benessere: Scorzamara consegna a casa tua tutto il profumo e la freschezza delle arance rosse di Sicilia.\" \/>\n<meta name=\"robots\" content=\"index, follow, max-snippet:-1, max-image-preview:large, max-video-preview:-1\" \/>\n<link rel=\"canonical\" href=\"https:\/\/www.scorzamara.com\/shop\/citrus-journal-blog\/\" \/>\n<meta property=\"og:locale\" content=\"it_IT\" \/>\n<meta property=\"og:type\" content=\"article\" \/>\n<meta property=\"og:title\" content=\"Citrus Journal Blog &#8902; Scorzamara\" \/>\n<meta property=\"og:description\" content=\"Apriti al gusto e al benessere: Scorzamara consegna a casa tua tutto il profumo e la freschezza delle arance rosse di Sicilia.\" \/>\n<meta property=\"og:url\" content=\"https:\/\/www.scorzamara.com\/shop\/citrus-journal-blog\/\" \/>\n<meta property=\"og:site_name\" content=\"Scorzamara\" \/>\n<meta property=\"article:publisher\" content=\"https:\/\/www.facebook.com\/scorzamara\" \/>\n<meta property=\"article:modified_time\" content=\"2024-09-16T12:52:03+00:00\" \/>\n<meta property=\"og:image\" content=\"https:\/\/www.scorzamara.com\/shop\/wp-content\/uploads\/2020\/10\/menu-bg-06.png\" \/>\n\t<meta property=\"og:image:width\" content=\"461\" \/>\n\t<meta property=\"og:image:height\" content=\"620\" \/>\n\t<meta property=\"og:image:type\" content=\"image\/png\" \/>\n<meta name=\"twitter:card\" content=\"summary_large_image\" \/>\n<meta name=\"twitter:label1\" content=\"Tempo di lettura stimato\" \/>\n\t<meta name=\"twitter:data1\" content=\"3 minuti\" \/>\n<script type=\"application\/ld+json\" class=\"yoast-schema-graph\">{\"@context\":\"https:\\\/\\\/schema.org\",\"@graph\":[{\"@type\":\"WebPage\",\"@id\":\"https:\\\/\\\/www.scorzamara.com\\\/shop\\\/citrus-journal-blog\\\/\",\"url\":\"https:\\\/\\\/www.scorzamara.com\\\/shop\\\/citrus-journal-blog\\\/\",\"name\":\"Citrus Journal Blog &#8902; Scorzamara\",\"isPartOf\":{\"@id\":\"https:\\\/\\\/www.scorzamara.com\\\/shop\\\/#website\"},\"primaryImageOfPage\":{\"@id\":\"https:\\\/\\\/www.scorzamara.com\\\/shop\\\/citrus-journal-blog\\\/#primaryimage\"},\"image\":{\"@id\":\"https:\\\/\\\/www.scorzamara.com\\\/shop\\\/citrus-journal-blog\\\/#primaryimage\"},\"thumbnailUrl\":\"https:\\\/\\\/www.scorzamara.com\\\/shop\\\/wp-content\\\/uploads\\\/2020\\\/10\\\/menu-bg-06.png\",\"datePublished\":\"2020-12-11T17:17:58+00:00\",\"dateModified\":\"2024-09-16T12:52:03+00:00\",\"description\":\"Apriti al gusto e al benessere: Scorzamara consegna a casa tua tutto il profumo e la freschezza delle arance rosse di Sicilia.\",\"breadcrumb\":{\"@id\":\"https:\\\/\\\/www.scorzamara.com\\\/shop\\\/citrus-journal-blog\\\/#breadcrumb\"},\"inLanguage\":\"it-IT\",\"potentialAction\":[{\"@type\":\"ReadAction\",\"target\":[\"https:\\\/\\\/www.scorzamara.com\\\/shop\\\/citrus-journal-blog\\\/\"]}]},{\"@type\":\"ImageObject\",\"inLanguage\":\"it-IT\",\"@id\":\"https:\\\/\\\/www.scorzamara.com\\\/shop\\\/citrus-journal-blog\\\/#primaryimage\",\"url\":\"https:\\\/\\\/www.scorzamara.com\\\/shop\\\/wp-content\\\/uploads\\\/2020\\\/10\\\/menu-bg-06.png\",\"contentUrl\":\"https:\\\/\\\/www.scorzamara.com\\\/shop\\\/wp-content\\\/uploads\\\/2020\\\/10\\\/menu-bg-06.png\",\"width\":461,\"height\":620},{\"@type\":\"BreadcrumbList\",\"@id\":\"https:\\\/\\\/www.scorzamara.com\\\/shop\\\/citrus-journal-blog\\\/#breadcrumb\",\"itemListElement\":[{\"@type\":\"ListItem\",\"position\":1,\"name\":\"Home\",\"item\":\"https:\\\/\\\/www.scorzamara.com\\\/shop\\\/\"},{\"@type\":\"ListItem\",\"position\":2,\"name\":\"Citrus Journal Blog\"}]},{\"@type\":\"WebSite\",\"@id\":\"https:\\\/\\\/www.scorzamara.com\\\/shop\\\/#website\",\"url\":\"https:\\\/\\\/www.scorzamara.com\\\/shop\\\/\",\"name\":\"Scorzamara\",\"description\":\"Azienda Agricola Aranzulla\",\"publisher\":{\"@id\":\"https:\\\/\\\/www.scorzamara.com\\\/shop\\\/#organization\"},\"potentialAction\":[{\"@type\":\"SearchAction\",\"target\":{\"@type\":\"EntryPoint\",\"urlTemplate\":\"https:\\\/\\\/www.scorzamara.com\\\/shop\\\/?s={search_term_string}\"},\"query-input\":{\"@type\":\"PropertyValueSpecification\",\"valueRequired\":true,\"valueName\":\"search_term_string\"}}],\"inLanguage\":\"it-IT\"},{\"@type\":\"Organization\",\"@id\":\"https:\\\/\\\/www.scorzamara.com\\\/shop\\\/#organization\",\"name\":\"Scorzamara - Arance Online\",\"url\":\"https:\\\/\\\/www.scorzamara.com\\\/shop\\\/\",\"logo\":{\"@type\":\"ImageObject\",\"inLanguage\":\"it-IT\",\"@id\":\"https:\\\/\\\/www.scorzamara.com\\\/shop\\\/#\\\/schema\\\/logo\\\/image\\\/\",\"url\":\"https:\\\/\\\/www.scorzamara.com\\\/it\\\/wp-content\\\/uploads\\\/2020\\\/10\\\/header-logo.svg\",\"contentUrl\":\"https:\\\/\\\/www.scorzamara.com\\\/it\\\/wp-content\\\/uploads\\\/2020\\\/10\\\/header-logo.svg\",\"width\":\"1024\",\"height\":\"1024\",\"caption\":\"Scorzamara - Arance Online\"},\"image\":{\"@id\":\"https:\\\/\\\/www.scorzamara.com\\\/shop\\\/#\\\/schema\\\/logo\\\/image\\\/\"},\"sameAs\":[\"https:\\\/\\\/www.facebook.com\\\/scorzamara\",\"https:\\\/\\\/www.instagram.com\\\/scorzamara\\\/\"]}]}<\/script>\n<!-- \/ Yoast SEO plugin. -->","yoast_head_json":{"title":"Citrus Journal Blog &#8902; Scorzamara","description":"Apriti al gusto e al benessere: Scorzamara consegna a casa tua tutto il profumo e la freschezza delle arance rosse di Sicilia.","robots":{"index":"index","follow":"follow","max-snippet":"max-snippet:-1","max-image-preview":"max-image-preview:large","max-video-preview":"max-video-preview:-1"},"canonical":"https:\/\/www.scorzamara.com\/shop\/citrus-journal-blog\/","og_locale":"it_IT","og_type":"article","og_title":"Citrus Journal Blog &#8902; Scorzamara","og_description":"Apriti al gusto e al benessere: Scorzamara consegna a casa tua tutto il profumo e la freschezza delle arance rosse di Sicilia.","og_url":"https:\/\/www.scorzamara.com\/shop\/citrus-journal-blog\/","og_site_name":"Scorzamara","article_publisher":"https:\/\/www.facebook.com\/scorzamara","article_modified_time":"2024-09-16T12:52:03+00:00","og_image":[{"width":461,"height":620,"url":"https:\/\/www.scorzamara.com\/shop\/wp-content\/uploads\/2020\/10\/menu-bg-06.png","type":"image\/png"}],"twitter_card":"summary_large_image","twitter_misc":{"Tempo di lettura stimato":"3 minuti"},"schema":{"@context":"https:\/\/schema.org","@graph":[{"@type":"WebPage","@id":"https:\/\/www.scorzamara.com\/shop\/citrus-journal-blog\/","url":"https:\/\/www.scorzamara.com\/shop\/citrus-journal-blog\/","name":"Citrus Journal Blog &#8902; Scorzamara","isPartOf":{"@id":"https:\/\/www.scorzamara.com\/shop\/#website"},"primaryImageOfPage":{"@id":"https:\/\/www.scorzamara.com\/shop\/citrus-journal-blog\/#primaryimage"},"image":{"@id":"https:\/\/www.scorzamara.com\/shop\/citrus-journal-blog\/#primaryimage"},"thumbnailUrl":"https:\/\/www.scorzamara.com\/shop\/wp-content\/uploads\/2020\/10\/menu-bg-06.png","datePublished":"2020-12-11T17:17:58+00:00","dateModified":"2024-09-16T12:52:03+00:00","description":"Apriti al gusto e al benessere: Scorzamara consegna a casa tua tutto il profumo e la freschezza delle arance rosse di Sicilia.","breadcrumb":{"@id":"https:\/\/www.scorzamara.com\/shop\/citrus-journal-blog\/#breadcrumb"},"inLanguage":"it-IT","potentialAction":[{"@type":"ReadAction","target":["https:\/\/www.scorzamara.com\/shop\/citrus-journal-blog\/"]}]},{"@type":"ImageObject","inLanguage":"it-IT","@id":"https:\/\/www.scorzamara.com\/shop\/citrus-journal-blog\/#primaryimage","url":"https:\/\/www.scorzamara.com\/shop\/wp-content\/uploads\/2020\/10\/menu-bg-06.png","contentUrl":"https:\/\/www.scorzamara.com\/shop\/wp-content\/uploads\/2020\/10\/menu-bg-06.png","width":461,"height":620},{"@type":"BreadcrumbList","@id":"https:\/\/www.scorzamara.com\/shop\/citrus-journal-blog\/#breadcrumb","itemListElement":[{"@type":"ListItem","position":1,"name":"Home","item":"https:\/\/www.scorzamara.com\/shop\/"},{"@type":"ListItem","position":2,"name":"Citrus Journal Blog"}]},{"@type":"WebSite","@id":"https:\/\/www.scorzamara.com\/shop\/#website","url":"https:\/\/www.scorzamara.com\/shop\/","name":"Scorzamara","description":"Azienda Agricola Aranzulla","publisher":{"@id":"https:\/\/www.scorzamara.com\/shop\/#organization"},"potentialAction":[{"@type":"SearchAction","target":{"@type":"EntryPoint","urlTemplate":"https:\/\/www.scorzamara.com\/shop\/?s={search_term_string}"},"query-input":{"@type":"PropertyValueSpecification","valueRequired":true,"valueName":"search_term_string"}}],"inLanguage":"it-IT"},{"@type":"Organization","@id":"https:\/\/www.scorzamara.com\/shop\/#organization","name":"Scorzamara - Arance Online","url":"https:\/\/www.scorzamara.com\/shop\/","logo":{"@type":"ImageObject","inLanguage":"it-IT","@id":"https:\/\/www.scorzamara.com\/shop\/#\/schema\/logo\/image\/","url":"https:\/\/www.scorzamara.com\/it\/wp-content\/uploads\/2020\/10\/header-logo.svg","contentUrl":"https:\/\/www.scorzamara.com\/it\/wp-content\/uploads\/2020\/10\/header-logo.svg","width":"1024","height":"1024","caption":"Scorzamara - Arance Online"},"image":{"@id":"https:\/\/www.scorzamara.com\/shop\/#\/schema\/logo\/image\/"},"sameAs":["https:\/\/www.facebook.com\/scorzamara","https:\/\/www.instagram.com\/scorzamara\/"]}]}},"_links":{"self":[{"href":"https:\/\/www.scorzamara.com\/shop\/wp-json\/wp\/v2\/pages\/2968","targetHints":{"allow":["GET"]}}],"collection":[{"href":"https:\/\/www.scorzamara.com\/shop\/wp-json\/wp\/v2\/pages"}],"about":[{"href":"https:\/\/www.scorzamara.com\/shop\/wp-json\/wp\/v2\/types\/page"}],"author":[{"embeddable":true,"href":"https:\/\/www.scorzamara.com\/shop\/wp-json\/wp\/v2\/users\/2"}],"replies":[{"embeddable":true,"href":"https:\/\/www.scorzamara.com\/shop\/wp-json\/wp\/v2\/comments?post=2968"}],"version-history":[{"count":15,"href":"https:\/\/www.scorzamara.com\/shop\/wp-json\/wp\/v2\/pages\/2968\/revisions"}],"predecessor-version":[{"id":5091,"href":"https:\/\/www.scorzamara.com\/shop\/wp-json\/wp\/v2\/pages\/2968\/revisions\/5091"}],"wp:featuredmedia":[{"embeddable":true,"href":"https:\/\/www.scorzamara.com\/shop\/wp-json\/wp\/v2\/media\/1725"}],"wp:attachment":[{"href":"https:\/\/www.scorzamara.com\/shop\/wp-json\/wp\/v2\/media?parent=2968"}],"curies":[{"name":"wp","href":"https:\/\/api.w.org\/{rel}","templated":true}]}}